{"id":11,"date":"2023-03-23T15:43:48","date_gmt":"2023-03-23T15:43:48","guid":{"rendered":"https:\/\/test1.local\/ru\/?page_id=6"},"modified":"2023-04-11T14:25:24","modified_gmt":"2023-04-11T14:25:24","slug":"home","status":"publish","type":"page","link":"https:\/\/mobile-pflege-24.de\/de\/","title":{"rendered":"Ihr Pflegedienst in D\u00fcsseldorf"},"content":{"rendered":"<p>Sehr geehrte Kunden,<\/p>\n<p>unser ambulanter Pflegedienst wurde am 01.10.2005 gegr\u00fcndet. Der Pflegedienst ist eine selbstst\u00e4ndig wirtschaftende Einrichtung unter st\u00e4ndiger fachlicher Verantwortung einer ausgebildeten Pflegefachkraft. Als Vertragspartner der Kranken- und Pflegekassen bieten wir verschiedene\u00a0<a title=\"Dienstleistungen\" href=\"https:\/\/www.mobile-pflege-24.de\/de\/leistungen\">Dienstleistungen<\/a>\u00a0an.<\/p>\n<p>Wir\u00a0arbeiten mit allen Bezirks\u00e4mtern und sind Partner aller sowohl gesetzlichen als auch privaten Krankenkassen. Wir sind rund um die Uhr f\u00fcr Sie erreichbar. Unsere freundlichen Mitarbeiter und Mitarbeiterinnen kommen im Rahmen der Pflegeversicherung, des\u00a0<span class=\"nobr\">SGB XI<\/span>\u00a0oder auf privaten Wunsch zu Ihnen nach Hause.<\/p>\n<p>Wir legen gro\u00dfen Wert auf Kundenn\u00e4he. Daher pflegen wir schwerpunktm\u00e4\u00dfig in D\u00fcsseldorf. Dies erm\u00f6glicht auch eine optimale Tourenplanung.<\/p>\n<p><iframe loading=\"lazy\" src=\"https:\/\/www.youtube.com\/embed\/A2haBTl-2p0?rel=0&#038;wmode=opaque&#038;vq=large\" width=\"560\" height=\"315\" frameborder=\"0\" allowfullscreen=\"allowfullscreen\" data-mce-fragment=\"1\"><\/iframe><\/p>\n<p>Seit dem 26.10.2005 ist unser Pflegedienst Mitglied im Landesverband freie ambulante Krankenpflege NRW e.V. (LfK).<\/p>\n<p>Wir haben uns das Ziel gesetzt, unseren Kunden bei der Bew\u00e4ltigung der t\u00e4glichen Aufgaben in der h\u00e4uslichen Umgebung zu helfen. Die Schwerpunkte liegen dabei in der Pflege und in der Ausf\u00fchrung von \u00e4rztlich verordneten Leistungen.<\/p>\n<p>Ihre Fragen beantworten wir gerne telefonisch, per\u00a0<a title=\"Kontakt\" href=\"https:\/\/www.mobile-pflege-24.de\/de\/kontakt\">Email<\/a>, oder im pers\u00f6nlichen Gespr\u00e4ch in unseren\u00a0<a title=\"Anfahrt\" href=\"https:\/\/www.mobile-pflege-24.de\/de\/anfahrt\">B\u00fcror\u00e4umen<\/a>. Wir sprechen\u00a0<span class=\"highlight\">deutsch<\/span>\u00a0und\u00a0<span class=\"highlight\">russisch<\/span>. Die Beratung ist f\u00fcr Sie selbstverst\u00e4ndlich kostenlos und unverbindlich.<\/p>\n","protected":false},"excerpt":{"rendered":"<p>Sehr geehrte Kunden, unser ambulanter Pflegedienst wurde am 01.10.2005 gegr\u00fcndet. Der Pflegedienst ist eine selbstst\u00e4ndig wirtschaftende Einrichtung unter st\u00e4ndiger fachlicher &hellip; <\/p>\n","protected":false},"author":2,"featured_media":0,"parent":0,"menu_order":0,"comment_status":"closed","ping_status":"closed","template":"","meta":{"footnotes":""},"class_list":["post-11","page","type-page","status-publish","hentry"],"yoast_head":"<!-- This site is optimized with the Yoast SEO plugin v20.6 - https:\/\/yoast.com\/wordpress\/plugins\/seo\/ -->\n<title>Ihr Pflegedienst in D\u00fcsseldorf - Mobile Pflege 24<\/title>\n<meta name=\"description\" content=\"Unser Alten- und Krankenpflegedienst arbeitet in allen Stadtbezirken von D\u00fcsseldorf, mit allen Bezirks\u00e4mtern und sind Partner aller sowohl gesetzlichen als auch privaten Krankenkassen.\" \/>\n<meta name=\"robots\" content=\"index, follow, max-snippet:-1, max-image-preview:large, max-video-preview:-1\" \/>\n<link rel=\"canonical\" href=\"https:\/\/mobile-pflege-24.de\/de\/\" \/>\n<meta property=\"og:locale\" content=\"de_DE\" \/>\n<meta property=\"og:type\" content=\"article\" \/>\n<meta property=\"og:title\" content=\"Ihr Pflegedienst in D\u00fcsseldorf\" \/>\n<meta property=\"og:description\" content=\"Unser Alten- und Krankenpflegedienst arbeitet in allen Stadtbezirken von D\u00fcsseldorf, mit allen Bezirks\u00e4mtern und sind Partner aller sowohl gesetzlichen als auch privaten Krankenkassen.\" \/>\n<meta property=\"og:url\" content=\"https:\/\/mobile-pflege-24.de\/de\/\" \/>\n<meta property=\"og:site_name\" content=\"Mobile Pflege 24\" \/>\n<meta property=\"article:publisher\" content=\"https:\/\/www.facebook.com\/MobilePflege24\/\" \/>\n<meta property=\"article:modified_time\" content=\"2023-04-11T14:25:24+00:00\" \/>\n<meta name=\"twitter:card\" content=\"summary_large_image\" \/>\n<meta name=\"twitter:label1\" content=\"Gesch\u00e4tzte Lesezeit\" \/>\n\t<meta name=\"twitter:data1\" content=\"1\u00a0Minute\" \/>\n<script type=\"application\/ld+json\" class=\"yoast-schema-graph\">{\"@context\":\"https:\/\/schema.org\",\"@graph\":[{\"@type\":\"WebPage\",\"@id\":\"https:\/\/mobile-pflege-24.de\/de\/\",\"url\":\"https:\/\/mobile-pflege-24.de\/de\/\",\"name\":\"[:de]Ihr Pflegedienst in D\u00fcsseldorf[:ru]Mobile Pflege 24 \u2022 Alten- und Krankenpflegedienst in D\u00fcsseldorf[:] - Mobile Pflege 24\",\"isPartOf\":{\"@id\":\"https:\/\/mobile-pflege-24.de\/de\/#website\"},\"datePublished\":\"2023-03-23T15:43:48+00:00\",\"dateModified\":\"2023-04-11T14:25:24+00:00\",\"description\":\"Unser Alten- und Krankenpflegedienst arbeitet in allen Stadtbezirken von D\u00fcsseldorf, mit allen Bezirks\u00e4mtern und sind Partner aller sowohl gesetzlichen als auch privaten Krankenkassen.\",\"breadcrumb\":{\"@id\":\"https:\/\/mobile-pflege-24.de\/de\/#breadcrumb\"},\"inLanguage\":\"de-DE\",\"potentialAction\":[{\"@type\":\"ReadAction\",\"target\":[\"https:\/\/mobile-pflege-24.de\/de\/\"]}]},{\"@type\":\"BreadcrumbList\",\"@id\":\"https:\/\/mobile-pflege-24.de\/de\/#breadcrumb\",\"itemListElement\":[{\"@type\":\"ListItem\",\"position\":1,\"name\":\"\u0413\u043b\u0430\u0432\u043d\u0430\u044f \u0441\u0442\u0440\u0430\u043d\u0438\u0446\u0430\",\"item\":\"https:\/\/mobile-pflege-24.de\/de\/\"},{\"@type\":\"ListItem\",\"position\":2,\"name\":\"Ihr Pflegedienst in D\u00fcsseldorf\"}]},{\"@type\":\"WebSite\",\"@id\":\"https:\/\/mobile-pflege-24.de\/de\/#website\",\"url\":\"https:\/\/mobile-pflege-24.de\/de\/\",\"name\":\"Mobile Pflege 24\",\"description\":\"\",\"publisher\":{\"@id\":\"https:\/\/mobile-pflege-24.de\/de\/#organization\"},\"potentialAction\":[{\"@type\":\"SearchAction\",\"target\":{\"@type\":\"EntryPoint\",\"urlTemplate\":\"https:\/\/mobile-pflege-24.de\/de\/?s={search_term_string}\"},\"query-input\":\"required name=search_term_string\"}],\"inLanguage\":\"de-DE\"},{\"@type\":\"Organization\",\"@id\":\"https:\/\/mobile-pflege-24.de\/de\/#organization\",\"name\":\"Mobile Pflege 24\",\"url\":\"https:\/\/mobile-pflege-24.de\/de\/\",\"logo\":{\"@type\":\"ImageObject\",\"inLanguage\":\"de-DE\",\"@id\":\"https:\/\/mobile-pflege-24.de\/de\/#\/schema\/logo\/image\/\",\"url\":\"https:\/\/mobile-pflege-24.de\/wp-content\/uploads\/2023\/03\/cropped-logo-mobile-pflege-24.jpg\",\"contentUrl\":\"https:\/\/mobile-pflege-24.de\/wp-content\/uploads\/2023\/03\/cropped-logo-mobile-pflege-24.jpg\",\"width\":357,\"height\":89,\"caption\":\"Mobile Pflege 24\"},\"image\":{\"@id\":\"https:\/\/mobile-pflege-24.de\/de\/#\/schema\/logo\/image\/\"},\"sameAs\":[\"https:\/\/www.facebook.com\/MobilePflege24\/\"]}]}<\/script>\n<!-- \/ Yoast SEO plugin. -->","yoast_head_json":{"title":"Ihr Pflegedienst in D\u00fcsseldorf - Mobile Pflege 24","description":"Unser Alten- und Krankenpflegedienst arbeitet in allen Stadtbezirken von D\u00fcsseldorf, mit allen Bezirks\u00e4mtern und sind Partner aller sowohl gesetzlichen als auch privaten Krankenkassen.","robots":{"index":"index","follow":"follow","max-snippet":"max-snippet:-1","max-image-preview":"max-image-preview:large","max-video-preview":"max-video-preview:-1"},"canonical":"https:\/\/mobile-pflege-24.de\/de\/","og_locale":"de_DE","og_type":"article","og_title":"[:de]Ihr Pflegedienst in D\u00fcsseldorf[:ru]Mobile Pflege 24 \u2022 Alten- und Krankenpflegedienst in D\u00fcsseldorf[:] - Mobile Pflege 24","og_description":"Unser Alten- und Krankenpflegedienst arbeitet in allen Stadtbezirken von D\u00fcsseldorf, mit allen Bezirks\u00e4mtern und sind Partner aller sowohl gesetzlichen als auch privaten Krankenkassen.","og_url":"https:\/\/mobile-pflege-24.de\/de\/","og_site_name":"Mobile Pflege 24","article_publisher":"https:\/\/www.facebook.com\/MobilePflege24\/","article_modified_time":"2023-04-11T14:25:24+00:00","twitter_card":"summary_large_image","twitter_misc":{"Gesch\u00e4tzte Lesezeit":"1\u00a0Minute"},"schema":{"@context":"https:\/\/schema.org","@graph":[{"@type":"WebPage","@id":"https:\/\/mobile-pflege-24.de\/de\/","url":"https:\/\/mobile-pflege-24.de\/de\/","name":"[:de]Ihr Pflegedienst in D\u00fcsseldorf[:ru]Mobile Pflege 24 \u2022 Alten- und Krankenpflegedienst in D\u00fcsseldorf[:] - Mobile Pflege 24","isPartOf":{"@id":"https:\/\/mobile-pflege-24.de\/de\/#website"},"datePublished":"2023-03-23T15:43:48+00:00","dateModified":"2023-04-11T14:25:24+00:00","description":"Unser Alten- und Krankenpflegedienst arbeitet in allen Stadtbezirken von D\u00fcsseldorf, mit allen Bezirks\u00e4mtern und sind Partner aller sowohl gesetzlichen als auch privaten Krankenkassen.","breadcrumb":{"@id":"https:\/\/mobile-pflege-24.de\/de\/#breadcrumb"},"inLanguage":"de-DE","potentialAction":[{"@type":"ReadAction","target":["https:\/\/mobile-pflege-24.de\/de\/"]}]},{"@type":"BreadcrumbList","@id":"https:\/\/mobile-pflege-24.de\/de\/#breadcrumb","itemListElement":[{"@type":"ListItem","position":1,"name":"\u0413\u043b\u0430\u0432\u043d\u0430\u044f \u0441\u0442\u0440\u0430\u043d\u0438\u0446\u0430","item":"https:\/\/mobile-pflege-24.de\/de\/"},{"@type":"ListItem","position":2,"name":"Ihr Pflegedienst in D\u00fcsseldorf"}]},{"@type":"WebSite","@id":"https:\/\/mobile-pflege-24.de\/de\/#website","url":"https:\/\/mobile-pflege-24.de\/de\/","name":"Mobile Pflege 24","description":"","publisher":{"@id":"https:\/\/mobile-pflege-24.de\/de\/#organization"},"potentialAction":[{"@type":"SearchAction","target":{"@type":"EntryPoint","urlTemplate":"https:\/\/mobile-pflege-24.de\/de\/?s={search_term_string}"},"query-input":"required name=search_term_string"}],"inLanguage":"de-DE"},{"@type":"Organization","@id":"https:\/\/mobile-pflege-24.de\/de\/#organization","name":"Mobile Pflege 24","url":"https:\/\/mobile-pflege-24.de\/de\/","logo":{"@type":"ImageObject","inLanguage":"de-DE","@id":"https:\/\/mobile-pflege-24.de\/de\/#\/schema\/logo\/image\/","url":"https:\/\/mobile-pflege-24.de\/wp-content\/uploads\/2023\/03\/cropped-logo-mobile-pflege-24.jpg","contentUrl":"https:\/\/mobile-pflege-24.de\/wp-content\/uploads\/2023\/03\/cropped-logo-mobile-pflege-24.jpg","width":357,"height":89,"caption":"Mobile Pflege 24"},"image":{"@id":"https:\/\/mobile-pflege-24.de\/de\/#\/schema\/logo\/image\/"},"sameAs":["https:\/\/www.facebook.com\/MobilePflege24\/"]}]}},"_links":{"self":[{"href":"https:\/\/mobile-pflege-24.de\/de\/wp-json\/wp\/v2\/pages\/11","targetHints":{"allow":["GET"]}}],"collection":[{"href":"https:\/\/mobile-pflege-24.de\/de\/wp-json\/wp\/v2\/pages"}],"about":[{"href":"https:\/\/mobile-pflege-24.de\/de\/wp-json\/wp\/v2\/types\/page"}],"author":[{"embeddable":true,"href":"https:\/\/mobile-pflege-24.de\/de\/wp-json\/wp\/v2\/users\/2"}],"replies":[{"embeddable":true,"href":"https:\/\/mobile-pflege-24.de\/de\/wp-json\/wp\/v2\/comments?post=11"}],"version-history":[{"count":2,"href":"https:\/\/mobile-pflege-24.de\/de\/wp-json\/wp\/v2\/pages\/11\/revisions"}],"predecessor-version":[{"id":92,"href":"https:\/\/mobile-pflege-24.de\/de\/wp-json\/wp\/v2\/pages\/11\/revisions\/92"}],"wp:attachment":[{"href":"https:\/\/mobile-pflege-24.de\/de\/wp-json\/wp\/v2\/media?parent=11"}],"curies":[{"name":"wp","href":"https:\/\/api.w.org\/{rel}","templated":true}]}}