{"id":18,"date":"2023-03-23T16:02:24","date_gmt":"2023-03-23T16:02:24","guid":{"rendered":"https:\/\/test1.local\/ru\/?page_id=18"},"modified":"2023-03-23T16:02:24","modified_gmt":"2023-03-23T16:02:24","slug":"leistungen","status":"publish","type":"page","link":"https:\/\/mobile-pflege-24.de\/de\/leistungen","title":{"rendered":"Unsere Pflegeleistungen"},"content":{"rendered":"<p>Auf Basis eines pers\u00f6nlichen Beratungsgespr\u00e4chs wird ein individuelles Pflegekonzept erstellt, welches auf die W\u00fcnsche und Bed\u00fcrfnisse des Patienten abgestimmt ist. Mit unserer Hilfe soll es dem kranken und pflegebed\u00fcrftigen Menschen erm\u00f6glicht werden, in seiner h\u00e4uslichen Umgebung mit einer hohen Lebensqualit\u00e4t verbleiben zu k\u00f6nnen.<\/p>\n<p>Folgende Leistungen, werden auf den pers\u00f6nlichen Bedarf abgestimmt und direkt mit der Pflegekasse abgerechnet.<\/p>\n<h2>Behandlungspflege nach SGB V<\/h2>\n<ul>\n<li>als Grundpflege nach Krankenhausaufenthalt und Behandlungspflege nach \u00e4rztlicher Verordnung<\/li>\n<li>Verbandwechsel<\/li>\n<li>Injektionen<\/li>\n<li>Blutdruck\u00fcberwachung<\/li>\n<li>Insulininjektionen<\/li>\n<li>Versorgung von Wunden<\/li>\n<li>An- und Ausziehen von Kompressionsstr\u00fcmpfen<\/li>\n<li>Dekubitusversorgung<\/li>\n<li>Medikamentengabe:\u00a0herrichten, verabreichen<\/li>\n<li>Portversorgung, Portnadelwechsel<\/li>\n<li>Infusionstherapie<\/li>\n<li>Blutzuckerkontrolle<\/li>\n<li>Pulskontrolle<\/li>\n<li>Katheterwechsel und \u2013pflege<\/li>\n<\/ul>\n<h2>Grundpflege nach SGB XI<\/h2>\n<ul>\n<li>An- und Auskleiden<\/li>\n<li>Haut-, Haar- und Nagelpflege<\/li>\n<li>Hilfe beim Baden, Duschen und Waschen<\/li>\n<li>Mund- und Zahnpflege, Rasur<\/li>\n<li>Prophylaxen<\/li>\n<li>Lagern und Betten<\/li>\n<li>Mobilisation und Unterst\u00fctzung bei Eigenaktivit\u00e4ten<\/li>\n<li>Zubereiten und Verabreichen von Mahlzeiten im Hause des Kunden<\/li>\n<li>Sondenern\u00e4hrung<\/li>\n<li>Beratung und Anleitung zum Einsatz von Pflegehilfsmitteln (z.B. Badewannenlifter)<\/li>\n<li>Durchf\u00fchrung von regelm\u00e4\u00dfigen Besuchen nach \u00a7 37 Abs. 3 Pflegeversicherungsgesetz (Qualit\u00e4tssicherungsbesuche) bei Bezug von Pflegegeld<\/li>\n<\/ul>\n<h2>Haus und Familienpflege<\/h2>\n<ul>\n<li>Wohnraumreinigung<\/li>\n<li>B\u00fcgeln<\/li>\n<li>Wechseln und Reinigen von Bekleidung<\/li>\n<li>Eink\u00e4ufe<\/li>\n<li>Soziale Beratung und Betreuung sowie Beratung pflegender Angeh\u00f6riger<\/li>\n<li>Begleitung au\u00dfer Haus (Arztbesuch, Spazierg\u00e4nge)<\/li>\n<\/ul>\n<h2>Sonstige Dienstleistungen<\/h2>\n<ul>\n<li>Apotheken- und Medikamentenservice<\/li>\n<li>Pflegehilfsmittel<\/li>\n<\/ul>\n<p>Gerne vermitteln wir Ihnen Kontakt zu Apotheken, Sanit\u00e4tsh\u00e4usern, Hausnotruf, sowie zu mobilen Mittagstischangeboten oder medizinischen Fu\u00dfpflege, helfen Ihnen bei Antragstellung in Beh\u00f6rden, Kranken- und Pflegekassen, helfen bei der Beschaffung diverser Hilfsmittel und Unterst\u00fctzen und beraten ihre Angeh\u00f6rige.<\/p>\n","protected":false},"excerpt":{"rendered":"<p>Auf Basis eines pers\u00f6nlichen Beratungsgespr\u00e4chs wird ein individuelles Pflegekonzept erstellt, welches auf die W\u00fcnsche und Bed\u00fcrfnisse des Patienten abgestimmt ist. &hellip; <\/p>\n","protected":false},"author":2,"featured_media":0,"parent":0,"menu_order":0,"comment_status":"closed","ping_status":"closed","template":"","meta":{"footnotes":""},"class_list":["post-18","page","type-page","status-publish","hentry"],"yoast_head":"<!-- This site is optimized with the Yoast SEO plugin v20.6 - https:\/\/yoast.com\/wordpress\/plugins\/seo\/ -->\n<title>Unsere Pflegeleistungen - Mobile Pflege 24<\/title>\n<meta name=\"robots\" content=\"index, follow, max-snippet:-1, max-image-preview:large, max-video-preview:-1\" \/>\n<link rel=\"canonical\" href=\"https:\/\/mobile-pflege-24.de\/de\/leistungen\" \/>\n<meta property=\"og:locale\" content=\"de_DE\" \/>\n<meta property=\"og:type\" content=\"article\" \/>\n<meta property=\"og:title\" content=\"Unsere Pflegeleistungen\" \/>\n<meta property=\"og:description\" content=\"Auf Basis eines pers\u00f6nlichen Beratungsgespr\u00e4chs wird ein individuelles Pflegekonzept erstellt, welches auf die W\u00fcnsche und Bed\u00fcrfnisse des Patienten abgestimmt ist. &hellip;\" \/>\n<meta property=\"og:url\" content=\"https:\/\/mobile-pflege-24.de\/de\/leistungen\" \/>\n<meta property=\"og:site_name\" content=\"Mobile Pflege 24\" \/>\n<meta property=\"article:publisher\" content=\"https:\/\/www.facebook.com\/MobilePflege24\/\" \/>\n<meta name=\"twitter:card\" content=\"summary_large_image\" \/>\n<meta name=\"twitter:label1\" content=\"Gesch\u00e4tzte Lesezeit\" \/>\n\t<meta name=\"twitter:data1\" content=\"1\u00a0Minute\" \/>\n<script type=\"application\/ld+json\" class=\"yoast-schema-graph\">{\"@context\":\"https:\/\/schema.org\",\"@graph\":[{\"@type\":\"WebPage\",\"@id\":\"https:\/\/mobile-pflege-24.de\/de\/leistungen\",\"url\":\"https:\/\/mobile-pflege-24.de\/de\/leistungen\",\"name\":\"[:ru]\u041d\u0430\u0448\u0438 \u0443\u0441\u043b\u0443\u0433\u0438[:de]Unsere Pflegeleistungen[:] - Mobile Pflege 24\",\"isPartOf\":{\"@id\":\"https:\/\/mobile-pflege-24.de\/de\/#website\"},\"datePublished\":\"2023-03-23T16:02:24+00:00\",\"dateModified\":\"2023-03-23T16:02:24+00:00\",\"breadcrumb\":{\"@id\":\"https:\/\/mobile-pflege-24.de\/de\/leistungen#breadcrumb\"},\"inLanguage\":\"de-DE\",\"potentialAction\":[{\"@type\":\"ReadAction\",\"target\":[\"https:\/\/mobile-pflege-24.de\/de\/leistungen\"]}]},{\"@type\":\"BreadcrumbList\",\"@id\":\"https:\/\/mobile-pflege-24.de\/de\/leistungen#breadcrumb\",\"itemListElement\":[{\"@type\":\"ListItem\",\"position\":1,\"name\":\"\u0413\u043b\u0430\u0432\u043d\u0430\u044f \u0441\u0442\u0440\u0430\u043d\u0438\u0446\u0430\",\"item\":\"https:\/\/mobile-pflege-24.de\/de\/\"},{\"@type\":\"ListItem\",\"position\":2,\"name\":\"Unsere Pflegeleistungen\"}]},{\"@type\":\"WebSite\",\"@id\":\"https:\/\/mobile-pflege-24.de\/de\/#website\",\"url\":\"https:\/\/mobile-pflege-24.de\/de\/\",\"name\":\"Mobile Pflege 24\",\"description\":\"\",\"publisher\":{\"@id\":\"https:\/\/mobile-pflege-24.de\/de\/#organization\"},\"potentialAction\":[{\"@type\":\"SearchAction\",\"target\":{\"@type\":\"EntryPoint\",\"urlTemplate\":\"https:\/\/mobile-pflege-24.de\/de\/?s={search_term_string}\"},\"query-input\":\"required name=search_term_string\"}],\"inLanguage\":\"de-DE\"},{\"@type\":\"Organization\",\"@id\":\"https:\/\/mobile-pflege-24.de\/de\/#organization\",\"name\":\"Mobile Pflege 24\",\"url\":\"https:\/\/mobile-pflege-24.de\/de\/\",\"logo\":{\"@type\":\"ImageObject\",\"inLanguage\":\"de-DE\",\"@id\":\"https:\/\/mobile-pflege-24.de\/de\/#\/schema\/logo\/image\/\",\"url\":\"https:\/\/mobile-pflege-24.de\/wp-content\/uploads\/2023\/03\/cropped-logo-mobile-pflege-24.jpg\",\"contentUrl\":\"https:\/\/mobile-pflege-24.de\/wp-content\/uploads\/2023\/03\/cropped-logo-mobile-pflege-24.jpg\",\"width\":357,\"height\":89,\"caption\":\"Mobile Pflege 24\"},\"image\":{\"@id\":\"https:\/\/mobile-pflege-24.de\/de\/#\/schema\/logo\/image\/\"},\"sameAs\":[\"https:\/\/www.facebook.com\/MobilePflege24\/\"]}]}<\/script>\n<!-- \/ Yoast SEO plugin. -->","yoast_head_json":{"title":"Unsere Pflegeleistungen - Mobile Pflege 24","robots":{"index":"index","follow":"follow","max-snippet":"max-snippet:-1","max-image-preview":"max-image-preview:large","max-video-preview":"max-video-preview:-1"},"canonical":"https:\/\/mobile-pflege-24.de\/de\/leistungen","og_locale":"de_DE","og_type":"article","og_title":"[:ru]\u041d\u0430\u0448\u0438 \u0443\u0441\u043b\u0443\u0433\u0438[:de]Unsere Pflegeleistungen[:] - Mobile Pflege 24","og_description":"Auf Basis eines pers\u00f6nlichen Beratungsgespr\u00e4chs wird ein individuelles Pflegekonzept erstellt, welches auf die W\u00fcnsche und Bed\u00fcrfnisse des Patienten abgestimmt ist. &hellip;","og_url":"https:\/\/mobile-pflege-24.de\/de\/leistungen","og_site_name":"Mobile Pflege 24","article_publisher":"https:\/\/www.facebook.com\/MobilePflege24\/","twitter_card":"summary_large_image","twitter_misc":{"Gesch\u00e4tzte Lesezeit":"1\u00a0Minute"},"schema":{"@context":"https:\/\/schema.org","@graph":[{"@type":"WebPage","@id":"https:\/\/mobile-pflege-24.de\/de\/leistungen","url":"https:\/\/mobile-pflege-24.de\/de\/leistungen","name":"[:ru]\u041d\u0430\u0448\u0438 \u0443\u0441\u043b\u0443\u0433\u0438[:de]Unsere Pflegeleistungen[:] - Mobile Pflege 24","isPartOf":{"@id":"https:\/\/mobile-pflege-24.de\/de\/#website"},"datePublished":"2023-03-23T16:02:24+00:00","dateModified":"2023-03-23T16:02:24+00:00","breadcrumb":{"@id":"https:\/\/mobile-pflege-24.de\/de\/leistungen#breadcrumb"},"inLanguage":"de-DE","potentialAction":[{"@type":"ReadAction","target":["https:\/\/mobile-pflege-24.de\/de\/leistungen"]}]},{"@type":"BreadcrumbList","@id":"https:\/\/mobile-pflege-24.de\/de\/leistungen#breadcrumb","itemListElement":[{"@type":"ListItem","position":1,"name":"\u0413\u043b\u0430\u0432\u043d\u0430\u044f \u0441\u0442\u0440\u0430\u043d\u0438\u0446\u0430","item":"https:\/\/mobile-pflege-24.de\/de\/"},{"@type":"ListItem","position":2,"name":"Unsere Pflegeleistungen"}]},{"@type":"WebSite","@id":"https:\/\/mobile-pflege-24.de\/de\/#website","url":"https:\/\/mobile-pflege-24.de\/de\/","name":"Mobile Pflege 24","description":"","publisher":{"@id":"https:\/\/mobile-pflege-24.de\/de\/#organization"},"potentialAction":[{"@type":"SearchAction","target":{"@type":"EntryPoint","urlTemplate":"https:\/\/mobile-pflege-24.de\/de\/?s={search_term_string}"},"query-input":"required name=search_term_string"}],"inLanguage":"de-DE"},{"@type":"Organization","@id":"https:\/\/mobile-pflege-24.de\/de\/#organization","name":"Mobile Pflege 24","url":"https:\/\/mobile-pflege-24.de\/de\/","logo":{"@type":"ImageObject","inLanguage":"de-DE","@id":"https:\/\/mobile-pflege-24.de\/de\/#\/schema\/logo\/image\/","url":"https:\/\/mobile-pflege-24.de\/wp-content\/uploads\/2023\/03\/cropped-logo-mobile-pflege-24.jpg","contentUrl":"https:\/\/mobile-pflege-24.de\/wp-content\/uploads\/2023\/03\/cropped-logo-mobile-pflege-24.jpg","width":357,"height":89,"caption":"Mobile Pflege 24"},"image":{"@id":"https:\/\/mobile-pflege-24.de\/de\/#\/schema\/logo\/image\/"},"sameAs":["https:\/\/www.facebook.com\/MobilePflege24\/"]}]}},"_links":{"self":[{"href":"https:\/\/mobile-pflege-24.de\/de\/wp-json\/wp\/v2\/pages\/18","targetHints":{"allow":["GET"]}}],"collection":[{"href":"https:\/\/mobile-pflege-24.de\/de\/wp-json\/wp\/v2\/pages"}],"about":[{"href":"https:\/\/mobile-pflege-24.de\/de\/wp-json\/wp\/v2\/types\/page"}],"author":[{"embeddable":true,"href":"https:\/\/mobile-pflege-24.de\/de\/wp-json\/wp\/v2\/users\/2"}],"replies":[{"embeddable":true,"href":"https:\/\/mobile-pflege-24.de\/de\/wp-json\/wp\/v2\/comments?post=18"}],"version-history":[{"count":0,"href":"https:\/\/mobile-pflege-24.de\/de\/wp-json\/wp\/v2\/pages\/18\/revisions"}],"wp:attachment":[{"href":"https:\/\/mobile-pflege-24.de\/de\/wp-json\/wp\/v2\/media?parent=18"}],"curies":[{"name":"wp","href":"https:\/\/api.w.org\/{rel}","templated":true}]}}