{"id":66,"date":"2023-04-01T09:00:15","date_gmt":"2023-04-01T09:00:15","guid":{"rendered":"https:\/\/mobile-pflege-24.de\/de\/?page_id=66"},"modified":"2023-04-01T09:07:02","modified_gmt":"2023-04-01T09:07:02","slug":"datenschutz","status":"publish","type":"page","link":"https:\/\/mobile-pflege-24.de\/de\/datenschutz","title":{"rendered":"Datenschutzerkl\u00e4rung"},"content":{"rendered":"<p>Der Schutz Ihrer Privatsph\u00e4re ist uns wichtig. Daher nehmen Sie bitte nachstehende Informationen \u00fcber die Nutzung unserer Internetseite zur Kenntnis. Sollten Sie weitere Fragen zum Umgang mit Ihren personenbezogenen Daten haben, k\u00f6nnen Sie sich gerne an uns wenden.<\/p>\n<p>Verantwortlicher im Sinne des Art. 4 Abs. 7 EU-Datenschutz-Grundverordnung (DS-GVO) ist<\/p>\n<div id=\"impressum_contact_box\" class=\"vcard\">\n<div class=\"org\">Pflegedienst Mobile Pflege 24<br \/>\nLakir, Junge, Knopp GbR<\/div>\n<div class=\"adr\">\n<div class=\"street-address\">Im Liefeld 14<\/div>\n<p><span class=\"postal-code\">40227<\/span>\u00a0<span class=\"locality\">D\u00fcsseldorf<\/span><\/div>\n<div><span class=\"tel phone\">0211 \/ 71 069 72<\/span>Telefon:<br \/>\n<span class=\"tel phone\">0211 \/ 71 069 88<\/span>Fax:<\/div>\n<\/div>\n<div class=\"gopa\"><a href=\"mailto:%6D%70%2D%32%34%40web.de\">mp-24@web.de<\/a>Email:<\/div>\n<p>&nbsp;<\/p>\n<p>Unseren Datenschutzbeauftragten erreichen Sie postalisch, indem Sie die o. g. Anschrift um den Zusatz \u201ez. Hd. des Datenschutzbeauftragten\u201c erg\u00e4nzen.<\/p>\n<h2>Erhebung personenbezogener Daten beim Besuch unserer Internetseite<\/h2>\n<p>Personenbezogene Daten sind alle Daten, die auf Sie pers\u00f6nlich beziehbar sind.<\/p>\n<h3>Bereitstellung der Internetseite \/ Speicherung von Zugriffsdaten<\/h3>\n<p>Nutzen Sie unsere Internetseite rein zur Information, ohne uns anderweitig Informationen (E-Mail \/ Kontaktformular) zu \u00fcbermitteln, erheben wir nur die personenbezogenen Daten, die Ihr Browser an unseren Server \u00fcbermittelt. Bei jedem Zugriff auf unsere Internetseite erheben wir die folgenden Daten, die technisch erforderlich sind, um Ihnen die Internetseite anzuzeigen und die Sicherheit bei der Nutzung der Homepage zu gew\u00e4hrleisten (Rechtsgrundlage: Art. 6 Abs. 1, S. 1 lit. F GS-GVO):<\/p>\n<ul>\n<li style=\"list-style-type: none;\">\n<ul>\n<li>IP-Adresse<\/li>\n<li>Datum und Uhrzeit der Anfrage<\/li>\n<li>Zeitzonendifferenz zur Greenwich Mean Time (GMT)<\/li>\n<li>Inhalt der Anforderung (konkrete Seite)<\/li>\n<li>Zugriffsstatus \/ http-Statuscode<\/li>\n<li>jeweils \u00fcbertragene Datenmenge<\/li>\n<li>Internetseite, von der die Anfrage kommt<\/li>\n<li>Browser<\/li>\n<li>Betriebssystem und dessen Oberfl\u00e4che<\/li>\n<li>Sprache und Version der Browsersoftware<\/li>\n<\/ul>\n<\/li>\n<\/ul>\n<p>Diese Daten werden getrennt von anderen Daten, die Sie im Rahmen der Nutzung unseres Angebots eingeben, als so genannte Protokolldatei auf unserem Server gespeichert. Eine Zuordnung dieser Daten zu einer bestimmten Person ist uns nicht m\u00f6glich. Diese Daten werden zu statistischen Zwecken ausgewertet und im Anschluss gel\u00f6scht. Eine Weitergabe an Dritte findet nicht statt.<\/p>\n<p>Die Logfiles enthalten IP-Adressen oder sonstige Daten, die eine Zuordnung zu einem Nutzer erm\u00f6glichen. Dies k\u00f6nnte beispielsweise der Fall sein, wenn der Link zur Internetseite, von der der Nutzer auf die Internetseite gelangt, oder der Link zur Internetseite, zu der der Nutzer wechselt, personenbezogene Daten enth\u00e4lt. Die Daten werden ebenfalls in den Logfiles unseres Systems gespeichert. Eine Speicherung dieser Daten zusammen mit anderen personenbezogenen Daten des Nutzers findet nicht statt.<\/p>\n<p>Rechtsgrundlage f\u00fcr die vor\u00fcbergehende Speicherung der Daten und der Logfiles ist Art. 6 Abs. 1 lit. f DSGVO. Die Speicherung in Logfiles erfolgt, um die Funktionsf\u00e4higkeit der Internetseite sicherzustellen. Zudem dienen uns die Daten zur Optimierung der Internetseite und zur Sicherstellung der Sicherheit unserer IT-Systeme.<\/p>\n<p>Die Daten werden gel\u00f6scht, sobald sie f\u00fcr die Erreichung des Zwecks ihrer Erhebung nicht mehr erforderlich sind. Im Falle der Erfassung der Daten zur Bereitstellung der Internetseite ist dies der Fall, wenn die jeweilige Sitzung beendet ist, im Fall der Speicherung der Daten in Logfiles sp\u00e4testens nach sieben Tagen. Eine dar\u00fcber hinaus gehende Speicherung ist m\u00f6glich. In diesem Fall werden die IP-Adressen der Nutzer gel\u00f6scht oder verfremdet, so dass eine Zuordnung des aufrufenden Clients nicht mehr m\u00f6glich ist.<\/p>\n<p>Die Erfassung und Speicherung der Daten in Logfiles ist f\u00fcr den Betrieb der Internetseite erforderlich. Es besteht folglich seitens des Nutzers keine Widerspruchsm\u00f6glichkeit.<\/p>\n<h3>Kontaktformular \/ E-Mail<\/h3>\n<p>Nehmen Sie \u00fcber unser Kontaktformular oder per E-Mail mit uns Kontakt auf, werden die von Ihnen mitgeteilten personenbezogenen Daten (Name, E-Mail-Adresse, ggfls. Telefonnummer und Anschrift) von uns gespeichert, um auf Ihre Anfrage \/ Kontaktaufnahme reagieren zu k\u00f6nnen. Diese Daten l\u00f6schen wir, sobald die Speicherung nicht mehr erforderlich ist (z. B. nach Erledigung Ihrer Anfrage) oder schr\u00e4nken ihre Verarbeitung ein, falls gesetzliche Aufbewahrungsfristen bestehen. Rechtsgrundlage f\u00fcr diese Datenverarbeitung ist Art. 6 Abs. 1 lit. f DS-GVO.<\/p>\n<h3>Einsatz von Cookies<\/h3>\n<p>Daneben nutzt unsere Internetseite Cookies. Das sind Textdateien, die auf Ihrer Festplatte dem von Ihnen verwendeten Browser zugeordnet gespeichert werden und uns, wenn Sie unsere Internetseite nutzen, bestimmte Informationen zukommen lassen. Wir setzen Cookies ein, die technisch notwendig sind, um unsere Internetseite nutzerfreundlicher zu gestalten. Einige Bereiche unserer Internetseite erfordern es, dass der aufrufende Browser auch nach einem Wechsel der Internetseite identifiziert werden kann. Diese Textdateien f\u00fchren keine Programme oder Installationen von solchen auf Ihrem Rechner aus. Wir verwenden dar\u00fcber hinaus Cookies, die eine Analyse des Surfverhaltens der Nutzer erm\u00f6glichen. Die so erhobenen Daten der Nutzer werden automatisch pseudonymisiert, so dass eine Zuordnung der Daten zum aufrufenden Nutzer nicht mehr m\u00f6glich ist. Die Daten werden nicht gemeinsam mit sonstigen personenbezogenen Daten der Nutzer gespeichert.<\/p>\n<p>Beim Aufruf unserer Internetseite wird der Nutzer \u00fcber die Verwendung von Cookies zu Analysezwecken informiert und seine Einwilligung zur Verarbeitung der in diesem Zusammenhang verwendeten personenbezogenen Daten eingeholt.<\/p>\n<p>Die Rechtsgrundlage f\u00fcr die Verarbeitung personenbezogener Daten unter Verwendung technisch notwendiger Cookies ist Art. 6 Abs. 1 lit. f DS-GVO und f\u00fcr die Nutzung von Cookies zu Analysezwecken bei Vorliegen einer diesbez\u00fcglichen Einwilligung Art. 6 Abs. 1 lit. a DS-GVO.<\/p>\n<p>Da die Cookies auf dem Rechner des Nutzers gespeichert werden, haben Sie als Nutzer auch die volle Kontrolle \u00fcber deren Verwendung. Durch eine \u00c4nderung der Einstellungen im Browser kann die \u00dcbertragung von Cookies deaktiviert, eingeschr\u00e4nkt und bereits gespeicherte Cookies jederzeit gel\u00f6scht werden. Dies kann jedoch dazu f\u00fchren, dass m\u00f6glicherweise nicht mehr alle Funktionen der Internetseite vollumf\u00e4nglich genutzt werden k\u00f6nnen.<\/p>\n<p>Daneben werden im Rahmen der Anmeldung auf unserer Internetseite zur Zugriffsteuerung und zur Verbesserung der Benutzerfreundlichkeit so genannte Sitzungs-Cookies eingesetzt. Dies umfasst das Einrichten einer \u201eSitzung\u201c zwischen dem Client und Server, welche Ihnen die Bewegung im gesamten Portal erm\u00f6glicht, ohne sich f\u00fcr jeden Bereich erneut anmelden zu m\u00fcssen. Dieses Cookie wird automatisch gel\u00f6scht, wenn Sie den Browser schlie\u00dfen.<\/p>\n<p>Die von uns genutzten Flash-Cookies werde nicht durch Ihren Browser, sondern durch Ihr Flash-Plugin erfasst. Auch nutzen wir HTML5 storage objects, die auf Ihrem Endger\u00e4t abgelegt werden. Diese speichern die erforderlichen Daten unabh\u00e4ngig von Ihrem verwendeten Browser und haben kein automatisches Ablaufdatum. Wenn Sie keine Verwendung der Flash-Cookies w\u00fcnschen, dann m\u00fcssen Sie ein entsprechendes Add-On installieren. Sie verhindern die Nutzung des HTML5 storage objects, indem Sie in Ihrem Browser den privaten Modus einsetzen. Zudem empfehlen wir Ihnen, Ihre Cookies und den Browser-Verlauf regelm\u00e4\u00dfig zu l\u00f6schen.<\/p>\n<h3>Einsatz von Google Analytics<\/h3>\n<p>Unsere Internetseite benutzt Google Analytics, einen Webanalysedienst, um die Nutzung unserer Internetseite zu analysieren und \u00fcber die gewonnenen Statistiken verbessern zu k\u00f6nnen, um sie so f\u00fcr Sie als Nutzer interessanter zu gestalten. Rechtsgrundlage f\u00fcr die Nutzung von Google Analytics ist Art. 6 Abs. 1 S. 1 lit. f DS-GVO.<\/p>\n<p>Google Analytics verwendet Cookies, die auf Ihrem Computer gespeichert werden und die eine Analyse der Benutzung der Internetseite durch Sie erm\u00f6glichen. Die dadurch erzeugten Informationen werden in der Regel an einen Server in den USA \u00fcbertragen und dort gespeichert. Im Falle der Aktivierung der IP-Anonymisierung auf dieser Internetseite wird Ihre IP-Adresse von Google innerhalb von Mitgliedstaaten der Europ\u00e4ischen Union (EU) oder in anderen Vertragsstaaten des Abkommens \u00fcber den Europ\u00e4ischen Wirtschaftsraum (EWR) zuvor gek\u00fcrzt. Nur in Ausnahmef\u00e4llen wird die volle IP-Adresse an einen Server von Google in den USA \u00fcbertragen und dort gek\u00fcrzt. Im Auftrag des Betreibers der Internetseite wird Google diese Informationen benutzen, um Ihr Nutzerverhalten auf dieser Internetseite auszuwerten, Berichte \u00fcber die Internetseiten-Aktivit\u00e4ten zusammenzustellen und um weitere mit der Nutzung der Internetseite verbundene Dienstleistungen gegen\u00fcber dem Betreiber der Internetseite zu erbringen. Ihre so \u00fcbermittelte IP-Adresse wird nicht mit anderen Daten von Google zusammengef\u00fchrt.<\/p>\n<p>Sie k\u00f6nnen die Speicherung der Cookies durch eine entsprechende Einstellung Ihrer Browser-Software verhindern. F\u00fcr diesen Fall weisen wir daraufhin, dass ggfls. nicht alle Funktionen unserer Internetseite vollumf\u00e4nglich genutzt werden k\u00f6nnen. Sie k\u00f6nnen auch die Erfassung der auf Ihrer Nutzung der Internetseite durch das Cookie erzeugten Daten sowie deren Verarbeitung durch Google verhindern, indem Sie das unter dem folgenden Link verf\u00fcgbare Browser-Plug-In herunterlagen und installieren:\u00a0<a href=\"https:\/\/tools.google.com\/dlpage\/gaoptout?hl=de\" target=\"_blank\" rel=\"nofollow noopener\">tools.google.com\/dlpage\/gaoptout?hl=de<\/a><\/p>\n<p>Unsere Internetseite verwendet Google Analytics mit der Erweiterung \u201e_anonymizeIp()\u201c, wodurch IP-Adressen gek\u00fcrzt verarbeitet werden und eine direkte Personenbeziehbarkeit ausgeschlossen werden kann. Soweit den erhobenen Daten ein Personenbezug zukommt, wird dieser dadurch ausgeschlossen und die personenbezogenen Daten umgehend gel\u00f6scht.<\/p>\n<p>F\u00fcr die personenbezogenen Daten, die in die USA \u00fcbertragen werden, hat sich Google dem EU-US Privacy Shield unterworfen. Informationen des Drittanbieters: Google Dublin, Google Ireland Ltd., Gordon House, Barrow Street, Dublin 4, Ireland, Fax: +353 (1) 436 1001.<\/p>\n<p>Nutzerbedingungen: www.google.com\/analytics\/terms\/de.html<\/p>\n<p>\u00dcbersicht zum Datenschutz:\u00a0<a href=\"https:\/\/www.google.com\/intl\/de\/analytics\/learn\/privacy.html\" target=\"_blank\" rel=\"nofollow noopener\">www.google.com\/intl\/de\/analytics\/learn\/privacy.html<\/a><\/p>\n<p>Datenschutzerkl\u00e4rung:\u00a0<a href=\"https:\/\/www.google.de\/intl\/de\/policies\/\" target=\"_blank\" rel=\"nofollow noopener\">www.google.de\/intl\/de\/policies\/privacy<\/a><\/p>\n<h3>Einbindung von Google Maps<\/h3>\n<p>Wir nutzen auf unserer Internetseite Google Maps, um Ihnen interaktive Karten anzuzeigen und deren Nutzung zu erm\u00f6glichen. Wenn Sie den Kartendienst nutzen, erh\u00e4lt Google die Information, dass Sie die entsprechende Seite aufgerufen haben. Die Zugriffsdaten Ihres Browsers werden erhoben und \u00fcbermittelt, unabh\u00e4ngig davon, ob Sie \u00fcber ein Nutzerkonto bei Google verf\u00fcgen. Sollten Sie ein Nutzerkonto bei Google haben und zum Zeitpunkt der Kartennutzung eingeloggt sein, werden die erhobenen Daten direkt Ihrem Nutzerkonto zugeordnet. Dieses k\u00f6nnen Sie verhindern, indem Sie sich aus Ihrem Nutzerkonto ausloggen. Google speichert die Daten als Nutzungsprofile, um sie f\u00fcr Werbung, Marktforschung und \/ oder bedarfsgerechte Gestaltung seiner Internetseite zu nutzen. Diese Auswertung erfolgt auch f\u00fcr nicht eingeloggte Nutzer insbesondere zur Erbringung bedarfsgerechter Werbung. Gegen die Bildung eines Nutzerprofils steht Ihnen ein Widerspruchrecht zu, welches Sie direkt gegen\u00fcber Google aus\u00fcben m\u00fcssen. Weitere Informationen \u00fcber den Zweck und den Umfang der jeweiligen Datenerhebung und -verarbeitung erhalten Sie auf den Internetseiten des Anbieters. Dort erhalten Sie auch weitere Informationen zu Ihren diesbez\u00fcglichen Rechten und Einstellungsm\u00f6glichkeiten zum Schutz Ihrer Privatsph\u00e4re.<\/p>\n<p>Auch hier gilt, dass Google Ihre personenbezogenen Daten auch in den USA verarbeitet und sich dem EU-US Privacy Shield unterworfen hat.<\/p>\n<h2>Ihre Rechte<\/h2>\n<p>Sie haben gem\u00e4\u00df Art. 15-21 DS-GVO uns gegen\u00fcber ein Recht aus Auskunft, Berichtigung oder L\u00f6schung, Einschr\u00e4nkung der Verarbeitung, Daten\u00fcbertragbarkeit sowie Widerspruch Ihrer personenbezogenen Daten. Wenn die Datenverarbeitung auf Ihrer Einwilligung beruht, k\u00f6nnen Sie diese jederzeit mit Wirkung f\u00fcr die Zukunft widerrufen. Daneben besteht noch das Recht, sich bei der Datenschutz-Aufsichtsbeh\u00f6rde \u00fcber die Verarbeitung Ihrer personenbezogenen Daten zu beschweren.<\/p>\n<h2>Links zu anderen Webseiten<\/h2>\n<p>Unsere Internetseite enth\u00e4lt Verlinkungen zu anderen Webseiten (so genannte externe Links). Wir haben keinen Einfluss darauf, dass die Betreiber dieser anderen Webseiten die Datenschutzbestimmungen einhalten. F\u00fcr die eigenen Inhalte auf unserer Internetseite sind wir als Anbieter verantwortlich. F\u00fcr fremde Inhalte, auf die \u00fcber Verlinkungen zugegriffen werden kann, \u00fcbernehmen wir keine Verantwortung und machen uns deren Inhalt nicht zu eigen. Verantwortlich f\u00fcr den Inhalt sowie f\u00fcr Sch\u00e4den, die durch die Nutzung oder Nichtnutzung der Informationen entstehen, ist allein der Anbieter der jeweiligen Internetseite, auf die verlinkt wurde.<\/p>\n","protected":false},"excerpt":{"rendered":"<p>Der Schutz Ihrer Privatsph\u00e4re ist uns wichtig. Daher nehmen Sie bitte nachstehende Informationen \u00fcber die Nutzung unserer Internetseite zur Kenntnis. &hellip; <\/p>\n","protected":false},"author":1,"featured_media":0,"parent":0,"menu_order":0,"comment_status":"closed","ping_status":"closed","template":"","meta":{"footnotes":""},"class_list":["post-66","page","type-page","status-publish","hentry"],"yoast_head":"<!-- This site is optimized with the Yoast SEO plugin v20.6 - https:\/\/yoast.com\/wordpress\/plugins\/seo\/ -->\n<title>Datenschutzerkl\u00e4rung - Mobile Pflege 24<\/title>\n<meta name=\"robots\" content=\"index, follow, max-snippet:-1, max-image-preview:large, max-video-preview:-1\" \/>\n<link rel=\"canonical\" href=\"https:\/\/mobile-pflege-24.de\/de\/datenschutz\" \/>\n<meta property=\"og:locale\" content=\"de_DE\" \/>\n<meta property=\"og:type\" content=\"article\" \/>\n<meta property=\"og:title\" content=\"Datenschutzerkl\u00e4rung\" \/>\n<meta property=\"og:description\" content=\"Der Schutz Ihrer Privatsph\u00e4re ist uns wichtig. Daher nehmen Sie bitte nachstehende Informationen \u00fcber die Nutzung unserer Internetseite zur Kenntnis. &hellip;\" \/>\n<meta property=\"og:url\" content=\"https:\/\/mobile-pflege-24.de\/de\/datenschutz\" \/>\n<meta property=\"og:site_name\" content=\"Mobile Pflege 24\" \/>\n<meta property=\"article:publisher\" content=\"https:\/\/www.facebook.com\/MobilePflege24\/\" \/>\n<meta property=\"article:modified_time\" content=\"2023-04-01T09:07:02+00:00\" \/>\n<meta name=\"twitter:card\" content=\"summary_large_image\" \/>\n<meta name=\"twitter:label1\" content=\"Gesch\u00e4tzte Lesezeit\" \/>\n\t<meta name=\"twitter:data1\" content=\"18\u00a0Minuten\" \/>\n<script type=\"application\/ld+json\" class=\"yoast-schema-graph\">{\"@context\":\"https:\/\/schema.org\",\"@graph\":[{\"@type\":\"WebPage\",\"@id\":\"https:\/\/mobile-pflege-24.de\/de\/datenschutz\",\"url\":\"https:\/\/mobile-pflege-24.de\/de\/datenschutz\",\"name\":\"[:de]Datenschutzerkl\u00e4rung[:ru]Datenschutzerkl\u00e4rung[:] - Mobile Pflege 24\",\"isPartOf\":{\"@id\":\"https:\/\/mobile-pflege-24.de\/de\/#website\"},\"datePublished\":\"2023-04-01T09:00:15+00:00\",\"dateModified\":\"2023-04-01T09:07:02+00:00\",\"breadcrumb\":{\"@id\":\"https:\/\/mobile-pflege-24.de\/de\/datenschutz#breadcrumb\"},\"inLanguage\":\"de-DE\",\"potentialAction\":[{\"@type\":\"ReadAction\",\"target\":[\"https:\/\/mobile-pflege-24.de\/de\/datenschutz\"]}]},{\"@type\":\"BreadcrumbList\",\"@id\":\"https:\/\/mobile-pflege-24.de\/de\/datenschutz#breadcrumb\",\"itemListElement\":[{\"@type\":\"ListItem\",\"position\":1,\"name\":\"\u0413\u043b\u0430\u0432\u043d\u0430\u044f \u0441\u0442\u0440\u0430\u043d\u0438\u0446\u0430\",\"item\":\"https:\/\/mobile-pflege-24.de\/de\/\"},{\"@type\":\"ListItem\",\"position\":2,\"name\":\"Datenschutzerkl\u00e4rung\"}]},{\"@type\":\"WebSite\",\"@id\":\"https:\/\/mobile-pflege-24.de\/de\/#website\",\"url\":\"https:\/\/mobile-pflege-24.de\/de\/\",\"name\":\"Mobile Pflege 24\",\"description\":\"\",\"publisher\":{\"@id\":\"https:\/\/mobile-pflege-24.de\/de\/#organization\"},\"potentialAction\":[{\"@type\":\"SearchAction\",\"target\":{\"@type\":\"EntryPoint\",\"urlTemplate\":\"https:\/\/mobile-pflege-24.de\/de\/?s={search_term_string}\"},\"query-input\":\"required name=search_term_string\"}],\"inLanguage\":\"de-DE\"},{\"@type\":\"Organization\",\"@id\":\"https:\/\/mobile-pflege-24.de\/de\/#organization\",\"name\":\"Mobile Pflege 24\",\"url\":\"https:\/\/mobile-pflege-24.de\/de\/\",\"logo\":{\"@type\":\"ImageObject\",\"inLanguage\":\"de-DE\",\"@id\":\"https:\/\/mobile-pflege-24.de\/de\/#\/schema\/logo\/image\/\",\"url\":\"https:\/\/mobile-pflege-24.de\/wp-content\/uploads\/2023\/03\/cropped-logo-mobile-pflege-24.jpg\",\"contentUrl\":\"https:\/\/mobile-pflege-24.de\/wp-content\/uploads\/2023\/03\/cropped-logo-mobile-pflege-24.jpg\",\"width\":357,\"height\":89,\"caption\":\"Mobile Pflege 24\"},\"image\":{\"@id\":\"https:\/\/mobile-pflege-24.de\/de\/#\/schema\/logo\/image\/\"},\"sameAs\":[\"https:\/\/www.facebook.com\/MobilePflege24\/\"]}]}<\/script>\n<!-- \/ Yoast SEO plugin. -->","yoast_head_json":{"title":"Datenschutzerkl\u00e4rung - Mobile Pflege 24","robots":{"index":"index","follow":"follow","max-snippet":"max-snippet:-1","max-image-preview":"max-image-preview:large","max-video-preview":"max-video-preview:-1"},"canonical":"https:\/\/mobile-pflege-24.de\/de\/datenschutz","og_locale":"de_DE","og_type":"article","og_title":"[:de]Datenschutzerkl\u00e4rung[:ru]Datenschutzerkl\u00e4rung[:] - Mobile Pflege 24","og_description":"Der Schutz Ihrer Privatsph\u00e4re ist uns wichtig. Daher nehmen Sie bitte nachstehende Informationen \u00fcber die Nutzung unserer Internetseite zur Kenntnis. &hellip;","og_url":"https:\/\/mobile-pflege-24.de\/de\/datenschutz","og_site_name":"Mobile Pflege 24","article_publisher":"https:\/\/www.facebook.com\/MobilePflege24\/","article_modified_time":"2023-04-01T09:07:02+00:00","twitter_card":"summary_large_image","twitter_misc":{"Gesch\u00e4tzte Lesezeit":"18\u00a0Minuten"},"schema":{"@context":"https:\/\/schema.org","@graph":[{"@type":"WebPage","@id":"https:\/\/mobile-pflege-24.de\/de\/datenschutz","url":"https:\/\/mobile-pflege-24.de\/de\/datenschutz","name":"[:de]Datenschutzerkl\u00e4rung[:ru]Datenschutzerkl\u00e4rung[:] - Mobile Pflege 24","isPartOf":{"@id":"https:\/\/mobile-pflege-24.de\/de\/#website"},"datePublished":"2023-04-01T09:00:15+00:00","dateModified":"2023-04-01T09:07:02+00:00","breadcrumb":{"@id":"https:\/\/mobile-pflege-24.de\/de\/datenschutz#breadcrumb"},"inLanguage":"de-DE","potentialAction":[{"@type":"ReadAction","target":["https:\/\/mobile-pflege-24.de\/de\/datenschutz"]}]},{"@type":"BreadcrumbList","@id":"https:\/\/mobile-pflege-24.de\/de\/datenschutz#breadcrumb","itemListElement":[{"@type":"ListItem","position":1,"name":"\u0413\u043b\u0430\u0432\u043d\u0430\u044f \u0441\u0442\u0440\u0430\u043d\u0438\u0446\u0430","item":"https:\/\/mobile-pflege-24.de\/de\/"},{"@type":"ListItem","position":2,"name":"Datenschutzerkl\u00e4rung"}]},{"@type":"WebSite","@id":"https:\/\/mobile-pflege-24.de\/de\/#website","url":"https:\/\/mobile-pflege-24.de\/de\/","name":"Mobile Pflege 24","description":"","publisher":{"@id":"https:\/\/mobile-pflege-24.de\/de\/#organization"},"potentialAction":[{"@type":"SearchAction","target":{"@type":"EntryPoint","urlTemplate":"https:\/\/mobile-pflege-24.de\/de\/?s={search_term_string}"},"query-input":"required name=search_term_string"}],"inLanguage":"de-DE"},{"@type":"Organization","@id":"https:\/\/mobile-pflege-24.de\/de\/#organization","name":"Mobile Pflege 24","url":"https:\/\/mobile-pflege-24.de\/de\/","logo":{"@type":"ImageObject","inLanguage":"de-DE","@id":"https:\/\/mobile-pflege-24.de\/de\/#\/schema\/logo\/image\/","url":"https:\/\/mobile-pflege-24.de\/wp-content\/uploads\/2023\/03\/cropped-logo-mobile-pflege-24.jpg","contentUrl":"https:\/\/mobile-pflege-24.de\/wp-content\/uploads\/2023\/03\/cropped-logo-mobile-pflege-24.jpg","width":357,"height":89,"caption":"Mobile Pflege 24"},"image":{"@id":"https:\/\/mobile-pflege-24.de\/de\/#\/schema\/logo\/image\/"},"sameAs":["https:\/\/www.facebook.com\/MobilePflege24\/"]}]}},"_links":{"self":[{"href":"https:\/\/mobile-pflege-24.de\/de\/wp-json\/wp\/v2\/pages\/66","targetHints":{"allow":["GET"]}}],"collection":[{"href":"https:\/\/mobile-pflege-24.de\/de\/wp-json\/wp\/v2\/pages"}],"about":[{"href":"https:\/\/mobile-pflege-24.de\/de\/wp-json\/wp\/v2\/types\/page"}],"author":[{"embeddable":true,"href":"https:\/\/mobile-pflege-24.de\/de\/wp-json\/wp\/v2\/users\/1"}],"replies":[{"embeddable":true,"href":"https:\/\/mobile-pflege-24.de\/de\/wp-json\/wp\/v2\/comments?post=66"}],"version-history":[{"count":3,"href":"https:\/\/mobile-pflege-24.de\/de\/wp-json\/wp\/v2\/pages\/66\/revisions"}],"predecessor-version":[{"id":74,"href":"https:\/\/mobile-pflege-24.de\/de\/wp-json\/wp\/v2\/pages\/66\/revisions\/74"}],"wp:attachment":[{"href":"https:\/\/mobile-pflege-24.de\/de\/wp-json\/wp\/v2\/media?parent=66"}],"curies":[{"name":"wp","href":"https:\/\/api.w.org\/{rel}","templated":true}]}}